{"id":3,"date":"2021-03-17T17:17:21","date_gmt":"2021-03-17T16:17:21","guid":{"rendered":"http:\/\/darcy.at\/?page_id=3"},"modified":"2021-10-13T12:21:05","modified_gmt":"2021-10-13T10:21:05","slug":"datenschutzerklaerung","status":"publish","type":"page","link":"https:\/\/darcy.at\/index.php\/datenschutzerklaerung\/","title":{"rendered":"Datenschutzerkl\u00e4rung"},"content":{"rendered":"<p>[vc_row css=&#8221;.vc_custom_1533814087483{padding-top: 100px !important;}&#8221; el_id=&#8221;about&#8221;][vc_column max_width=&#8221;980&#8243;]\r\n\r\n\t<div class=\"sh-heading sh-heading-style1\" id=\"heading-S7XdY8BboF\">\r\n\t\t<h2 class=\"sh-heading-content size-default\">\r\n\t\t\t<\/span>\n<span style=\"text-align: center;\"><span style=\"color: #505050;\"><span style=\"caret-color: #505050; font-size: 30px;\">Datenschutzerkl\u00e4rung<\/span><\/span><\/span>\n<span>\t\t<\/h2>\r\n\t<\/div>\r\n\r\n            <style type=\"text\/css\">\r\n                #heading-S7XdY8BboF .sh-heading-content {font-weight: 300!important;}            <\/style>\r\n        \r\n            \r\n            <div class=\"sh-empty-space vc_empty_space sh-empty-space-WHqRjrUXDA  \" style=\"height: 40px\">\r\n                <span class=\"vc_empty_space_inner\"><\/span>\r\n            <\/div>\r\n\r\n        \r\n<div id=\"divider-nwGtv96SEV\" class=\"sh-divider sh-divider- sh-divider-content-none\">\r\n\t\t\t<div class=\"sh-divider-line\"><\/div>\r\n\t<\/div>\r\n            <style type=\"text\/css\">\r\n                #divider-nwGtv96SEV {}#divider-nwGtv96SEV.sh-divider-content-none .sh-divider-line {border-top-width: 1px;border-top-style: solid;}            <\/style>\r\n        \r\n            \r\n            <div class=\"sh-empty-space vc_empty_space sh-empty-space-BKQ10InHYG  \" style=\"height: 40px\">\r\n                <span class=\"vc_empty_space_inner\"><\/span>\r\n            <\/div>\r\n\r\n        [vc_column_text]<\/p>\n<div class=\"wpb_text_column wpb_content_element \">\n<div class=\"wpb_wrapper\">\n<h5>Inhaltsverzeichnis<\/h5>\n<p>&nbsp;<\/p>\n<ul>\n<li>Einleitung und \u00dcberblick<\/li>\n<li>Anwendungsbereich<\/li>\n<li>Rechtsgrundlagen<\/li>\n<li>Speicherdauer<\/li>\n<li>Daten\u00fcbertragung in Drittl\u00e4nder<\/li>\n<li>Sicherheit der Datenverarbeitung<\/li>\n<li>Cookies<\/li>\n<li>Web Analytics<\/li>\n<li>Zahlungsanbieter<\/li>\n<li>Social Media<\/li>\n<li>Urheberrechtshinweis<\/li>\n<li>Bildernachweis<\/li>\n<\/ul>\n<p>&nbsp;<\/p>\n<h5>Einleitung und \u00dcberblick<\/h5>\n<p>Wir haben diese Datenschutzerkl\u00e4rung (Fassung 11.05.2021-121739686) verfasst, um Ihnen gem\u00e4\u00df der Vorgaben der<a href=\"https:\/\/eur-lex.europa.eu\/legal-content\/DE\/ALL\/?uri=celex%3A32016R0679&amp;tid=121739686\">\u00a0Datenschutz-Grundverordnung (EU) 2016\/679<\/a>\u00a0und anwendbaren nationalen Gesetzen zu erkl\u00e4ren, welche personenbezogenen Daten (kurz Daten) wir als Verantwortliche \u2013 und die von uns beauftragten Auftragsverarbeiter (z. B. Provider) \u2013 verarbeiten, zuk\u00fcnftig verarbeiten werden und welche rechtm\u00e4\u00dfigen M\u00f6glichkeiten Sie haben. Die verwendeten Begriffe sind geschlechtsneutral zu verstehen.<\/p>\n<p>Wenn trotzdem Fragen bleiben, m\u00f6chten wir Sie bitten, sich an die im Impressum genannte verantwortliche Stelle zu wenden, den vorhandenen Links zu folgen und sich weitere Informationen auf Drittseiten anzusehen.<\/p>\n<p>&nbsp;<\/p>\n<h5>Anwendungsbereich<\/h5>\n<p>Diese Datenschutzerkl\u00e4rung gilt f\u00fcr alle von uns im Unternehmen verarbeiteten personenbezogenen Daten und f\u00fcr alle personenbezogenen Daten, die von uns beauftragte Firmen (Auftragsverarbeiter) verarbeiten. Mit personenbezogenen Daten meinen wir Informationen wie zum Beispiel Name, E-Mail-Adresse und postalische Anschrift einer Person. Die Verarbeitung personenbezogener Daten sorgt daf\u00fcr, dass wir unsere Dienstleistungen und Produkte anbieten und abrechnen k\u00f6nnen, sei es online oder offline. Der Anwendungsbereich dieser Datenschutzerkl\u00e4rung umfasst:<\/p>\n<p>&nbsp;<\/p>\n<ul>\n<li>alle Onlineauftritte (Websites, Onlineshops), die wir betreiben<\/li>\n<li>Social Media Auftritte und E-Mail-Kommunikation<\/li>\n<li>mobile Apps f\u00fcr Smartphones und andere Ger\u00e4te<\/li>\n<\/ul>\n<p>Kurz gesagt: Die Datenschutzerkl\u00e4rung gilt f\u00fcr alle Bereiche, in denen personenbezogene Daten im Unternehmen strukturiert verarbeitet werden.<\/p>\n<p>&nbsp;<\/p>\n<h5>Rechtsgrundlagen<\/h5>\n<p>In der folgenden Datenschutzerkl\u00e4rung geben wir Ihnen transparente Informationen zu den rechtlichen Grunds\u00e4tzen und Vorschriften, also den Rechtsgrundlagen der Datenschutz-Grundverordnung, die uns erm\u00f6glichen, personenbezogene Daten zu verarbeiten.<\/p>\n<p>Was das EU-Recht betrifft, beziehen wir uns auf die VERORDNUNG (EU) 2016\/679 DES EUROP\u00c4ISCHEN PARLAMENTS UND DES RATES vom 27. April 2016. Diese Datenschutz-Grundverordnung der EU k\u00f6nnen Sie selbstverst\u00e4ndlich online auf EUR-Lex, dem Zugang zum EU-Recht, unter<a href=\"https:\/\/eur-lex.europa.eu\/legal-content\/DE\/ALL\/?uri=celex%3A32016R0679&amp;tid=121739686\">\u00a0https:\/\/eur-lex.europa.eu\/legal-content\/DE\/TXT\/?uri=celex%3A32016R0679<\/a>\u00a0nachlesen.<\/p>\n<p>Wir verarbeiten Ihre Daten nur, wenn mindestens eine der folgenden Bedingungen zutrifft:<\/p>\n<p>&nbsp;<\/p>\n<ol>\n<li>Einwilligung (Artikel 6 Absatz 1 lit. a DSGVO): Sie haben uns Ihre Einwilligung gegeben, Daten zu einem bestimmten Zweck zu verarbeiten. Ein Beispiel w\u00e4re die Speicherung Ihrer eingegebenen Daten eines Kontaktformulars.<\/li>\n<li>Vertrag (Artikel 6 Absatz 1 lit. b DSGVO): Um einen Vertrag oder vorvertragliche Verpflichtungen mit Ihnen zu erf\u00fcllen, verarbeiten wir Ihre Daten. Wenn wir zum Beispiel einen Kaufvertrag mit Ihnen abschlie\u00dfen, ben\u00f6tigen wir vorab personenbezogene Informationen.<\/li>\n<li>Rechtliche Verpflichtung (Artikel 6 Absatz 1 lit. c DSGVO): Wenn wir einer rechtlichen Verpflichtung unterliegen, verarbeiten wir Ihre Daten. Zum Beispiel sind wir gesetzlich verpflichtet Rechnungen f\u00fcr die Buchhaltung aufzuheben. Diese enthalten in der Regel personenbezogene Daten.<\/li>\n<li>Berechtigte Interessen (Artikel 6 Absatz 1 lit. f DSGVO): Im Falle berechtigter Interessen, die Ihre Grundrechte nicht einschr\u00e4nken, behalten wir uns die Verarbeitung personenbezogener Daten vor. Wir m\u00fcssen zum Beispiel gewisse Daten verarbeiten, um unsere Website sicher und wirtschaftlich effizient betreiben zu k\u00f6nnen. Diese Verarbeitung ist somit ein berechtigtes Interesse.<\/li>\n<\/ol>\n<p>Weitere Bedingungen wie die Wahrnehmung von Aufnahmen im \u00f6ffentlichen Interesse und Aus\u00fcbung \u00f6ffentlicher Gewalt sowie dem Schutz lebenswichtiger Interessen treten bei uns in der Regel nicht auf. Soweit eine solche Rechtsgrundlage doch einschl\u00e4gig sein sollte, wird diese an der entsprechenden Stelle ausgewiesen.<\/p>\n<p>Zus\u00e4tzlich zu der EU-Verordnung, gelten auch noch nationale Gesetze:<\/p>\n<p>&nbsp;<\/p>\n<ul>\n<li>In \u00d6sterreich ist dies das Bundesgesetz zum Schutz nat\u00fcrlicher Personen bei der Verarbeitung personenbezogener Daten (Datenschutzgesetz), kurz DSG.<\/li>\n<li>In Deutschland gilt das Bundesdatenschutzgesetz, kurz BDSG.<\/li>\n<\/ul>\n<p>Sofern weitere regionale oder nationale Gesetze zur Anwendung kommen, informieren wir Sie in den folgenden Abschnitten dar\u00fcber.<\/p>\n<p>&nbsp;<\/p>\n<h5>Speicherdauer<\/h5>\n<p>Dass wir personenbezogene Daten nur so lange speichern, wie es f\u00fcr die Bereitstellung unserer Dienstleistungen und Produkte unbedingt notwendig ist, gilt als generelles Kriterium bei uns. Wenn es zum Beispiel im Fall von Buchhaltung gesetzlich vorgeschrieben ist, kann diese Speicherdauer auch \u00fcberschritten werden. Das bedeutet, dass wir personenbezogene Daten l\u00f6schen, sobald der Grund f\u00fcr die Datenverarbeitung nicht mehr vorhanden ist. Sollten Sie die L\u00f6schung Ihrer Daten w\u00fcnschen oder die Einwilligung zur Datenverarbeitung widerrufen, werden die Daten so rasch wie m\u00f6glich und soweit keine Pflicht zur Speicherung besteht, gel\u00f6scht.<\/p>\n<p>\u00dcber die konkrete Dauer der jeweiligen Datenverarbeitung informieren wir Sie weiter unten, sofern wir weitere Informationen dazu haben.<\/p>\n<p>&nbsp;<\/p>\n<h5>Daten\u00fcbertragung in Drittl\u00e4nder<\/h5>\n<p>Wir \u00fcbertragen oder verarbeiten Daten nur dann in L\u00e4nder au\u00dferhalb der EU (Drittl\u00e4nder), wenn Sie dieser Verarbeitung zustimmen, dies gesetzlich vorgeschrieben ist oder vertraglich notwendig und in jedem Fall nur soweit dies generell erlaubt ist. Ihre Zustimmung ist in den meisten F\u00e4llen der wichtigste Grund, dass wir Daten in Drittl\u00e4ndern verarbeiten lassen. Die Verarbeitung personenbezogener Daten in Drittl\u00e4ndern wie den USA, wo viele Softwarehersteller Dienstleistungen anbieten und Ihre Serverstandorte haben, kann bedeuten, dass personenbezogene Daten auf unerwartete Weise verarbeitet und gespeichert werden. Nach M\u00f6glichkeit versuchen wir Serverstandorte innerhalb der EU zu nutzen, sofern das angeboten wird.<\/p>\n<p>&nbsp;<\/p>\n<h5>Sicherheit der Datenverarbeitung<\/h5>\n<p>Um personenbezogene Daten zu sch\u00fctzen, haben wir sowohl technische als auch organisatorische Ma\u00dfnahmen umgesetzt. Wo es uns m\u00f6glich ist, verschl\u00fcsseln oder pseudonymisieren wir personenbezogene Daten. Dadurch machen wir es im Rahmen unserer M\u00f6glichkeiten so schwer wie m\u00f6glich, dass Dritte aus unseren Daten auf pers\u00f6nliche Informationen schlie\u00dfen k\u00f6nnen.<\/p>\n<p>Art. 25 DSGVO spricht hier von \u201cDatenschutz durch Technikgestaltung und durch datenschutzfreundliche Voreinstellungen\u201d und meint damit, dass man sowohl bei Software (z. B. Formularen) also auch Hardware (z. B. Zugang zum Serverraum) immer an Sicherheit denkt und entsprechende Ma\u00dfnahmen setzt.<\/p>\n<p>&nbsp;<\/p>\n<h5>Rechtsgrundlagen<\/h5>\n<p>Die Verarbeitung der Daten basiert auf den folgenden Rechtsgrundlagen:<\/p>\n<p>&nbsp;<\/p>\n<ul>\n<li>Art. 6 Abs. 1 lit. a DSGVO (Einwilligung): Sie geben uns die Einwilligung Ihre Daten zu speichern und weiter f\u00fcr den Gesch\u00e4ftsfall betreffende Zwecke zu verwenden;<\/li>\n<li>Art. 6 Abs. 1 lit. b DSGVO (Vertrag): Es besteht die Notwendigkeit f\u00fcr die Erf\u00fcllung eines Vertrags mit Ihnen oder einem Auftragsverarbeiter wie z. B. dem Telefonanbieter oder wir m\u00fcssen die Daten f\u00fcr vorvertragliche T\u00e4tigkeiten, wie z. B. die Vorbereitung eines Angebots, verarbeiten;<\/li>\n<li>Art. 6 Abs. 1 lit. f DSGVO (Berechtigte Interessen): Wir wollen Kundenanfragen und gesch\u00e4ftliche Kommunikation in einem professionellen Rahmen betreiben. Dazu sind gewisse technische Einrichtungen wie z. B. E-Mail-Programme, Exchange-Server und Mobilfunkbetreiber notwendig, um die Kommunikation effizient betreiben zu k\u00f6nnen.<\/li>\n<\/ul>\n<p>&nbsp;<\/p>\n<h5>Cookies<\/h5>\n<p>Unsere Website verwendet HTTP-Cookies, um nutzerspezifische Daten zu speichern.<\/p>\n<p>Im Folgenden erkl\u00e4ren wir, was Cookies sind und warum Sie genutzt werden, damit Sie die folgende Datenschutzerkl\u00e4rung besser verstehen.<\/p>\n<p>Cookies speichern gewisse Nutzerdaten von Ihnen, wie beispielsweise Sprache oder pers\u00f6nliche Seiteneinstellungen. Wenn Sie unsere Seite wieder aufrufen, \u00fcbermittelt Ihr Browser die \u201euserbezogenen\u201c Informationen an unsere Seite zur\u00fcck. Dank der Cookies wei\u00df unsere Website, wer Sie sind und bietet Ihnen die Einstellung, die Sie gewohnt sind. In einigen Browsern hat jedes Cookie eine eigene Datei, in anderen wie beispielsweise Firefox sind alle Cookies in einer einzigen Datei gespeichert.<\/p>\n<p>Es gibt sowohl Erstanbieter Cookies als auch Drittanbieter-Cookies. Erstanbieter-Cookies werden direkt von unserer Seite erstellt, Drittanbieter-Cookies werden von Partner-Websites (z.B. Google Analytics) erstellt. Jedes Cookie ist individuell zu bewerten, da jedes Cookie andere Daten speichert. Auch die Ablaufzeit eines Cookies variiert von ein paar Minuten bis hin zu ein paar Jahren. Cookies sind keine Software-Programme und enthalten keine Viren, Trojaner oder andere \u201eSch\u00e4dlinge\u201c. Cookies k\u00f6nnen auch nicht auf Informationen Ihres PCs zugreifen.<\/p>\n<p>Man kann 4 Arten von Cookies unterscheiden:<\/p>\n<p>Unerl\u00e4ssliche Cookies<\/p>\n<p>Diese Cookies sind n\u00f6tig, um grundlegende Funktionen der Website sicherzustellen. Zum Beispiel braucht es diese Cookies, wenn ein User ein Produkt in den Warenkorb legt, dann auf anderen Seiten weitersurft und sp\u00e4ter erst zur Kasse geht. Durch diese Cookies wird der Warenkorb nicht gel\u00f6scht, selbst wenn der User sein Browserfenster schlie\u00dft.<\/p>\n<p>Zweckm\u00e4\u00dfige Cookies<\/p>\n<p>Diese Cookies sammeln Infos \u00fcber das Userverhalten und ob der User etwaige Fehlermeldungen bekommt. Zudem werden mithilfe dieser Cookies auch die Ladezeit und das Verhalten der Website bei verschiedenen Browsern gemessen.<\/p>\n<p>Zielorientierte Cookies<\/p>\n<p>Diese Cookies sorgen f\u00fcr eine bessere Nutzerfreundlichkeit. Beispielsweise werden eingegebene Standorte, Schriftgr\u00f6\u00dfen oder Formulardaten gespeichert.<\/p>\n<p>Werbe-Cookies<\/p>\n<p>Diese Cookies werden auch Targeting-Cookies genannt. Sie dienen dazu dem User individuell angepasste Werbung zu liefern. Das kann sehr praktisch, aber auch sehr nervig sein.<\/p>\n<p>\u00dcblicherweise werden Sie beim erstmaligen Besuch einer Website gefragt, welche dieser Cookiearten Sie zulassen m\u00f6chten. Und nat\u00fcrlich wird diese Entscheidung auch in einem Cookie gespeichert.<\/p>\n<p>Wenn Sie mehr \u00fcber Cookies wissen m\u00f6chten und technische Dokumentationen nicht scheuen, empfehlen wir<a href=\"https:\/\/tools.ietf.org\/html\/rfc6265\">\u00a0https:\/\/tools.ietf.org\/html\/rfc6265<\/a>, dem Request for Comments der Internet Engineering Task Force (IETF) namens \u201cHTTP State Management Mechanism\u201d.<\/p>\n<p>&nbsp;<\/p>\n<h5>Web Analytics<\/h5>\n<p>Wir verwenden auf unserer Website Software zur Auswertung des Verhaltens der Website-Besucher, kurz Web Analytics oder Web-Analyse genannt. Dabei werden Daten gesammelt, die der jeweilige Analytic-Tool Anbieter (auch Trackingtool genannt) speichert, verwaltet und verarbeitet. Mit Hilfe der Daten werden Analysen \u00fcber das Nutzerverhalten auf unserer Website erstellt und uns als Websitebetreiber zur Verf\u00fcgung gestellt. Zus\u00e4tzlich bieten die meisten Tools verschiedene Testm\u00f6glichkeiten an. So k\u00f6nnen wir etwa testen, welche Angebote oder Inhalte bei unseren Besuchern am besten ankommen. Daf\u00fcr zeigen wir Ihnen f\u00fcr einen begrenzten Zeitabschnitt zwei verschiedene Angebote. Nach dem Test (sogenannter A\/B-Test) wissen wir, welches Produkt bzw. welcher Inhalt unsere Websitebesucher interessanter finden. F\u00fcr solche Testverfahren, wie auch f\u00fcr andere Analytics-Verfahren, k\u00f6nnen auch Userprofile erstellt werden und die Daten in Cookies gespeichert werden.<\/p>\n<p>&nbsp;<\/p>\n<h5>Google Analytics<\/h5>\n<p>Wir verwenden auf unserer Website das Analyse-Tracking Tool Google Analytics (GA) des amerikanischen Unternehmens Google Inc. F\u00fcr den europ\u00e4ischen Raum ist das Unternehmen Google Ireland Limited (Gordon House, Barrow Street Dublin 4, Irland) f\u00fcr alle Google-Dienste verantwortlich. Google Analytics sammelt Daten \u00fcber Ihre Handlungen auf unserer Website. Wenn Sie beispielsweise einen Link anklicken, wird diese Aktion in einem Cookie gespeichert und an Google Analytics versandt. Mithilfe der Berichte, die wir von Google Analytics erhalten, k\u00f6nnen wir unsere Website und unser Service besser an Ihre W\u00fcnsche anpassen.<\/p>\n<p>&nbsp;<\/p>\n<h5>Google Ads (Google AdWords) Conversion-Tracking<\/h5>\n<p>Wir verwenden als Online-Marketing-Ma\u00dfnahme Google Ads (fr\u00fcher Google AdWords), um unsere Produkte und Dienstleistungen zu bewerben. So wollen wir im Internet mehr Menschen auf die hohe Qualit\u00e4t unserer Angebote aufmerksam machen. Im Rahmen unserer Werbe-Ma\u00dfnahmen durch Google Ads verwenden wir auf unserer Website das Conversion-Tracking der Firma Google Inc. In Europa ist allerdings f\u00fcr alle Google-Dienste das Unternehmen Google Ireland Limited (Gordon House, Barrow Street Dublin 4, Irland) verantwortlich. Mithilfe dieses kostenlosen Tracking-Tools k\u00f6nnen wir unser Werbeangebot an Ihre Interessen und Bed\u00fcrfnisse besser anpassen.<\/p>\n<p>&nbsp;<\/p>\n<h5>Cookie Consent Management Platform<\/h5>\n<p>Wir verwenden auf unserer Website eine Consent Management Platform (CMP) Software, die uns und Ihnen den korrekten und sicheren Umgang mit verwendeten Skripten und Cookies erleichtert. Die Software erstellt automatisch ein Cookie-Popup, scannt und kontrolliert alle Skripts und Cookies, bietet eine datenschutzrechtlich notwendige Cookie-Einwilligung f\u00fcr Sie und hilft uns und Ihnen den \u00dcberblick \u00fcber alle Cookies zu behalten. Bei den meisten Cookie Consent Management Tools werden alle vorhandenen Cookies identifiziert und kategorisiert. Sie als Websitebesucher entscheiden dann selbst, ob und welche Skripte und Cookies Sie zulassen oder nicht zulassen.<\/p>\n<p>&nbsp;<\/p>\n<h5>Zahlungsanbieter<\/h5>\n<p>Wir verwenden auf unserer Website Online-Zahlungssysteme, die uns und Ihnen ein sicheres und reibungsloses Bezahlverfahren erm\u00f6glichen. Dabei k\u00f6nnen unter anderem auch personenbezogene Daten an den jeweiligen Zahlungsanbieter gesendet, gespeichert und dort verarbeitet werden.<\/p>\n<p>Wir bieten also im Rahmen von vertraglichen bzw. rechtlichen Beziehungen, wegen gesetzlicher Pflichten und auf Grundlage des berechtigten Interesses neben Bank-\/Kreditinstitutionen auch andere Zahlungsdienstleister an. In den Datenschutzerkl\u00e4rungen der einzelnen Zahlungsanbietern (wie zum Beispiel Amazon Payments, Apple Pay oder Discover) wird Ihnen ein \u00dcberblick \u00fcber die Datenverarbeitung und Datenspeicherung geboten. Zudem k\u00f6nnen Sie sich bei Fragen zu datenschutzrelevanten Themen stets an die Verantwortlichen richten.<\/p>\n<p>&nbsp;<\/p>\n<h5>Visa<\/h5>\n<p>Wir nutzen auf unserer Website Visa, einen weltweit agierenden Zahlungsanbieter. Dienstanbieter ist das amerikanische Unternehmen Visa Inc. F\u00fcr den europ\u00e4ischen Raum ist das Unternehmen Visa Europe Services Inc. (1 Sheldon Square, London W2 6TT, Gro\u00dfbritannien) zust\u00e4ndig. Mehr \u00fcber die Daten, die durch die Verwendung von Visa verarbeitet werden, erfahren Sie in der Privacy Policy auf<a href=\"https:\/\/www.visa.de\/nutzungsbedingungen\/visa-privacy-center.html\">\u00a0https:\/\/www.visa.de\/nutzungsbedingungen\/visa-privacy-center.html<\/a>.<\/p>\n<p>&nbsp;<\/p>\n<h5>PayPal<\/h5>\n<p>Wir nutzen auf unserer Website den Online-Bezahldienst PayPal. Dienstanbieter ist das amerikanische Unternehmen PayPal Inc. F\u00fcr den europ\u00e4ischen Raum ist das Unternehmen PayPal Europe (S.\u00e0 r.l. et Cie, S.C.A., 22-24 Boulevard Royal, L-2449 Luxembourg) verantwortlich. Mehr \u00fcber die Daten, die durch die Verwendung von PayPal verarbeitet werden, erfahren Sie in der Privacy Policy auf<a href=\"https:\/\/www.paypal.com\/de\/webapps\/mpp\/ua\/privacy-full\">\u00a0https:\/\/www.paypal.com\/de\/webapps\/mpp\/ua\/privacy-full<\/a>.<\/p>\n<p>&nbsp;<\/p>\n<h5>Mastercard<\/h5>\n<p>Wir nutzen auf unserer Website den Zahlungsdienstleister Mastercard. Dienstanbieter ist das amerikanische Unternehmen Mastercard Inc. F\u00fcr den europ\u00e4ischen Raum ist das Unternehmen Mastercard Europe SA (Chauss\u00e9e de Tervuren 198A, B-1410 Waterloo, Belgien) verantwortlich. Mehr \u00fcber die Daten, die durch die Verwendung von Mastercard verarbeitet werden, erfahren Sie in der Privacy Policy auf<a href=\"https:\/\/www.mastercard.de\/de-de\/datenschutz.html\">\u00a0https:\/\/www.mastercard.de\/de-de\/datenschutz.html<\/a>.<\/p>\n<p>&nbsp;<\/p>\n<h5>Google Pay<\/h5>\n<p>Wir nutzen auf unserer Website den Online-Zahlungsanbieter Google Pay. Dienstanbieter ist das amerikanische Unternehmen Google Inc. F\u00fcr den europ\u00e4ischen Raum ist das Unternehmen Google Ireland Limited (Gordon House, Barrow Street Dublin 4, Irland) f\u00fcr alle Google-Dienste verantwortlich. Mehr \u00fcber die Daten, die durch die Verwendung von Google Pay verarbeitet werden, erfahren Sie in der Privacy Policy auf<a href=\"https:\/\/policies.google.com\/privacy\">\u00a0https:\/\/policies.google.com\/privacy<\/a>.<\/p>\n<p>&nbsp;<\/p>\n<h5>Apple Pay<\/h5>\n<p>Wir nutzen auf unserer Website Apple Pay, einen Dienst f\u00fcr Online-Zahlungsverfahren. Dienstanbieter ist das amerikanische Unternehmen Apple Inc., Infinite Loop, Cupertino, CA 95014, USA. Mehr \u00fcber die Daten, die durch die Verwendung von Apple Pay verarbeitet werden, erfahren Sie in der Privacy Policy auf<a href=\"https:\/\/www.apple.com\/legal\/privacy\/de-ww\/\">https:\/\/www.apple.com\/legal\/privacy\/de-ww\/<\/a>.<\/p>\n<p>&nbsp;<\/p>\n<h5>Sofort\u00fcberweisung<\/h5>\n<p>Wir bieten auf unserer Website die Zahlungsmethode \u201eSofort\u00fcberweisung\u201c des Unternehmens Sofort GmbH zur bargeldlosen Bezahlung an. Die Sofort GmbH geh\u00f6rt seit 2014 zum schwedischen Unternehmen Klarna, hat aber ihren Firmensitz in Deutschland, Theresienh\u00f6he 12, 80339 M\u00fcnchen.<\/p>\n<p>Entscheiden Sie sich f\u00fcr diese Zahlungsmethode werden unter anderem auch personenbezogene Daten an die Sofort GmbH bzw. an Klarna \u00fcbermittelt, gespeichert und dort verarbeitet.<\/p>\n<p>&nbsp;<\/p>\n<h5>Stripe<\/h5>\n<p>Wir verwenden auf unserer Website ein Zahlungstool des amerikanischen Technologieunternehmens und Online-Bezahldienstes Stripe. F\u00fcr Kunden innerhalb von der EU ist Stripe Payments Europe (Europe Ltd., 1 Grand Canal Street Lower, Grand Canal Dock, Dublin, Irland) verantwortlich. Das hei\u00dft, wenn Sie sich f\u00fcr Stripe als Zahlungsart entscheiden, wird Ihre Zahlung \u00fcber Stripe Payments abgewickelt. Dabei werden Daten, die f\u00fcr den Zahlungsvorgang n\u00f6tig sind, an Stripe weitergeleitet und gespeichert.<\/p>\n<p>&nbsp;<\/p>\n<h5>Klarna Checkout<\/h5>\n<p>Wir verwenden auf unserer Website das Online-Zahlungssystem Klarna Checkout des schwedischen Unternehmens Klarna Bank AB. Die Klarna-Bank hat ihren Hauptfirmensitz in Sveav\u00e4gen 46, 111 34 Stockholm, Schweden. Wenn Sie sich f\u00fcr diesen Dienst entscheiden, werden unter anderem personenbezogene Daten an Klarna gesendet, gespeichert und verarbeitet.<\/p>\n<p>&nbsp;<\/p>\n<h5>Social Media<\/h5>\n<p>Zus\u00e4tzlich zu unserer Website sind wir auch in Social Media aktiv. Dabei k\u00f6nnen Daten von Usern verarbeitet werden, damit wir gezielt User, die sich f\u00fcr uns interessieren, \u00fcber die sozialen Netzwerke ansprechen k\u00f6nnen. Dar\u00fcber hinaus k\u00f6nnen auch Elemente einer Social-Media-Plattform direkt in unsere Website eingebettet sein. Das ist etwa der Fall, wenn Sie einen sogenannten Social-Button auf unserer Website anklicken und direkt zu unserem Social-Media-Auftritt weitergeleitet werden.<\/p>\n<p>&nbsp;<\/p>\n<h5>Urheberrechtshinweis<\/h5>\n<p>Alle Inhalte dieser Webseite (Bilder, Fotos, Texte, Videos) unterliegen dem Urheberrecht. Bitte fragen Sie uns bevor Sie die Inhalte dieser Website verbreiten, vervielf\u00e4ltigen oder verwerten wie zum Beispiel auf anderen Websites erneut ver\u00f6ffentlichen. Falls notwendig, werden wir die unerlaubte Nutzung von Teilen der Inhalte unserer Seite rechtlich verfolgen.<\/p>\n<p>Sollten Sie auf dieser Webseite Inhalte finden, die das Urheberrecht verletzen, bitten wir Sie uns zu kontaktieren.<\/p>\n<p>&nbsp;<\/p>\n<h5>Bildernachweis<\/h5>\n<p>Die Bilder, Fotos und Grafiken auf dieser Webseite sind urheberrechtlich gesch\u00fctzt.<\/p>\n<\/div>\n<\/div>\n<p>[\/vc_column_text][\/vc_column][\/vc_row]<\/p>\n","protected":false},"excerpt":{"rendered":"<p>[vc_row css=&#8221;.vc_custom_1533814087483{padding-top: 100px !important;}&#8221; el_id=&#8221;about&#8221;][vc_column max_width=&#8221;980&#8243;][vc_column_text] Inhaltsverzeichnis &nbsp; Einleitung und \u00dcberblick Anwendungsbereich Rechtsgrundlagen Speicherdauer Daten\u00fcbertragung in Drittl\u00e4nder Sicherheit der Datenverarbeitung Cookies Web Analytics Zahlungsanbieter Social Media Urheberrechtshinweis Bildernachweis &nbsp; Einleitung und \u00dcberblick Wir haben diese Datenschutzerkl\u00e4rung (Fassung 11.05.2021-121739686) verfasst, um Ihnen gem\u00e4\u00df der Vorgaben der\u00a0Datenschutz-Grundverordnung&#8230;<\/p>\n","protected":false},"author":1,"featured_media":0,"parent":0,"menu_order":0,"comment_status":"closed","ping_status":"closed","template":"","meta":[],"amp_enabled":true,"_links":{"self":[{"href":"https:\/\/darcy.at\/index.php\/wp-json\/wp\/v2\/pages\/3"}],"collection":[{"href":"https:\/\/darcy.at\/index.php\/wp-json\/wp\/v2\/pages"}],"about":[{"href":"https:\/\/darcy.at\/index.php\/wp-json\/wp\/v2\/types\/page"}],"author":[{"embeddable":true,"href":"https:\/\/darcy.at\/index.php\/wp-json\/wp\/v2\/users\/1"}],"replies":[{"embeddable":true,"href":"https:\/\/darcy.at\/index.php\/wp-json\/wp\/v2\/comments?post=3"}],"version-history":[{"count":0,"href":"https:\/\/darcy.at\/index.php\/wp-json\/wp\/v2\/pages\/3\/revisions"}],"wp:attachment":[{"href":"https:\/\/darcy.at\/index.php\/wp-json\/wp\/v2\/media?parent=3"}],"curies":[{"name":"wp","href":"https:\/\/api.w.org\/{rel}","templated":true}]}}